{"id":976,"date":"2024-09-02T17:33:54","date_gmt":"2024-09-02T15:33:54","guid":{"rendered":"https:\/\/cms.katkas-dance-academy.de\/startseite\/?page_id=976"},"modified":"2024-09-18T21:13:52","modified_gmt":"2024-09-18T19:13:52","slug":"agb","status":"publish","type":"page","link":"https:\/\/www.katkas-dance-academy.de\/startseite\/agb\/","title":{"rendered":"AGB"},"content":{"rendered":"\n<h2 class=\"wp-block-heading has-text-align-center\">Allgemeine Gesch\u00e4ftsbedingungen<\/h2>\n\n\n\n<p><\/p>\n\n\n\n<p><strong>Geltungsbereich &amp; Abwehrklausel<\/strong><\/p>\n\n\n\n<p>(1) F\u00fcr die \u00fcber diesen Internet-Shop begr\u00fcndeten Rechtsbeziehungen zwischen dem Betreiber des Shops EP:Multimedia Shop und seinen Kunden gelten ausschlie\u00dflich die folgenden Allgemeinen Gesch\u00e4ftsbedingungen in der jeweiligen Fassung zum Zeitpunkt der Bestellung.<\/p>\n\n\n\n<p>(2) Abweichende Allgemeine Gesch\u00e4ftsbedingungen des Kunden werden zur\u00fcckgewiesen.<\/p>\n\n\n\n<p><strong>Zustandekommen des Vertrages<\/strong><\/p>\n\n\n\n<p>(1) Durch das Absenden der Bestellung im Internet-Shop gibt der Kunde ein verbindliches Angebot gerichtet auf den Abschluss eines Kaufvertrages \u00fcber die im Warenkorb enthaltenen Waren ab. Mit dem Absenden der Bestellung erkennt der Kunde auch diese Gesch\u00e4ftsbedingungen als f\u00fcr das Rechtsverh\u00e4ltnis mit dem Anbieter allein ma\u00dfgeblich an.<\/p>\n\n\n\n<p>(2) Der Anbieter best\u00e4tigt den Eingang der Bestellung des Kunden durch Versendung einer Best\u00e4tigungs-E-Mail. Diese Bestellbest\u00e4tigung stellt noch nicht die Annahme des Vertragsangebotes durch den Anbieter dar. Sie dient lediglich der Information des Kunden, dass die Bestellung beim Anbieter eingegangen ist. Die Erkl\u00e4rung der Annahme des Vertragsangebotes erfolgt durch die Auslieferung der Ware oder eine ausdr\u00fcckliche Annahmeerkl\u00e4rung.<\/p>\n\n\n\n<p><strong>Eigentumsvorbehalt<\/strong><\/p>\n\n\n\n<p>Die gelieferte Ware verbleibt bis zur vollst\u00e4ndigen Bezahlung im Eigentum des Anbieters.<\/p>\n\n\n\n<p><strong>F\u00e4lligkeit<\/strong><\/p>\n\n\n\n<p>Die Zahlung des Kaufpreises ist mit Vertragsschluss f\u00e4llig.<\/p>\n\n\n\n<p><strong>Gew\u00e4hrleistung<\/strong><\/p>\n\n\n\n<p>(1) Die Gew\u00e4hrleistungsrechte des Kunden richten sich nach den allgemeinen gesetzlichen Vorschriften, soweit nachfolgend nichts anderes bestimmt ist. F\u00fcr Schadensersatzanspr\u00fcche des Kunden gegen\u00fcber dem Anbieter gilt die Regelung im Haftungsausschluss dieser AGB.<\/p>\n\n\n\n<p>(2) Die Verj\u00e4hrungsfrist f\u00fcr Gew\u00e4hrleistungsanspr\u00fcche des Kunden betr\u00e4gt bei Verbrauchern bei neu hergestellten Sachen 2 Jahre.<\/p>\n\n\n\n<p>Gegen\u00fcber Unternehmern betr\u00e4gt die Verj\u00e4hrungsfrist bei neu hergestellten<\/p>\n\n\n\n<p>Sachen 1 Jahr. Die vorstehende Verk\u00fcrzung der Verj\u00e4hrungsfristen gilt nicht f\u00fcr Schadensersatzanspr\u00fcche des Kunden aufgrund einer Verletzung des Lebens, des K\u00f6rpers, der Gesundheit sowie f\u00fcr Schadensersatzanspr\u00fcche aufgrund einer Verletzung wesentlicher Vertragspflichten. Wesentliche Vertragspflichten sind solche, deren Erf\u00fcllung zur Erreichung des Ziels des Vertrags notwendig ist, z.B. hat der Anbieter dem Kunden die Sache frei von Sach- und Rechtsm\u00e4ngeln zu \u00fcbergeben und das Eigentum an ihr zu verschaffen. Die vorstehende Verk\u00fcrzung der Verj\u00e4hrungsfristen gilt ebenfalls nicht f\u00fcr Schadensersatzanspr\u00fcche, die auf einer vors\u00e4tzlichen oder grob fahrl\u00e4ssigen Pflichtverletzung des Anbieters, seiner gesetzlichen Vertreter oder Erf\u00fcllungsgehilfen beruhen. Gegen\u00fcber Unternehmern ebenfalls ausgenommen von der Verk\u00fcrzung der Verj\u00e4hrungsfristen ist der R\u00fcckgriffsanspruch nach \u00a7 478 BGB.<\/p>\n\n\n\n<p>(3) Eine Garantie wird von dem Anbieter nicht erkl\u00e4rt.<\/p>\n\n\n\n<p><strong>Haftungsausschluss<\/strong><\/p>\n\n\n\n<p>(1) Schadensersatzanspr\u00fcche des Kunden sind ausgeschlossen, soweit nachfolgend nichts anderes bestimmt ist. Der vorstehende Haftungsausschluss gilt auch zugunsten der gesetzlichen Vertreter und Erf\u00fcllungsgehilfen des Anbieters, sofern der Kunde Anspr\u00fcche gegen diese geltend macht.<\/p>\n\n\n\n<p>(2) Von dem unter Ziffer 1 bestimmten Haftungsausschluss ausgenommen sind Schadensersatzanspr\u00fcche aufgrund einer Verletzung des Lebens, des K\u00f6rpers, der Gesundheit und Schadensersatzanspr\u00fcche aus der Verletzung wesentlicher Vertragspflichten. Wesentliche Vertragspflichten sind solche, deren Erf\u00fcllung zur Erreichung des Ziels des Vertrags notwendig ist, z.B. hat der Anbieter dem Kunden die Sache frei von Sach- und Rechtsm\u00e4ngeln zu \u00fcbergeben und das Eigentum an ihr zu verschaffen. Von dem Haftungsausschluss ebenfalls ausgenommen ist die Haftung f\u00fcr Sch\u00e4den, die auf einer vors\u00e4tzlichen oder grob fahrl\u00e4ssigen Pflichtverletzung des Anbieters, seiner gesetzlichen Vertreter oder Erf\u00fcllungsgehilfen beruhen.<\/p>\n\n\n\n<p>(3) Vorschriften des Produkthaftungsgesetzes (ProdHaftG) bleiben unber\u00fchrt.<\/p>\n\n\n\n<p><strong>Abtretungs- und Verpf\u00e4ndungsverbot<\/strong><\/p>\n\n\n\n<p>Die Abtretung oder Verpf\u00e4ndung von dem Kunden gegen\u00fcber dem Anbieter zustehenden Anspr\u00fcchen oder Rechten ist ohne Zustimmung des Anbieters ausgeschlossen, sofern der Kunde nicht ein berechtigtes Interesse an der Abtretung oder Verpf\u00e4ndung nachweist.<\/p>\n\n\n\n<p>Aufrechnung<\/p>\n\n\n\n<p>Ein Aufrechnungsrecht des Kunden besteht nur, wenn seine zur Aufrechnung gestellte Forderung rechtskr\u00e4ftig festgestellt wurde oder unbestritten ist.<\/p>\n\n\n\n<p><strong>Rechtswahl &amp; Gerichtsstand<\/strong><\/p>\n\n\n\n<p>(1) Auf die vertraglichen Beziehungen zwischen dem Anbieter und dem Kunden findet das Recht der Bundesrepublik Deutschland Anwendung. Von dieser Rechtswahl ausgenommen sind die zwingenden Verbraucherschutzvorschriften des Landes, in dem der Kunde seinen gew\u00f6hnlichen Aufenthalt hat. Die Anwendung des UN-Kaufrechts ist ausgeschlossen.<\/p>\n\n\n\n<p>(2) Gerichtsstand f\u00fcr alle Streitigkeiten aus dem Vertragsverh\u00e4ltnis zwischen dem Kunden und dem Anbieter ist der Sitz des Anbieters, sofern es sich bei dem Kunden um einen Kaufmann, eine juristische Person des \u00f6ffentlichen Rechts oder ein \u00f6ffentlich-rechtliches Sonderverm\u00f6gen handelt.<\/p>\n\n\n\n<p><strong>Salvatorische Klausel<\/strong><\/p>\n\n\n\n<p>Sollte eine Bestimmung dieser Allgemeinen Gesch\u00e4ftsbedingungen unwirksam sein, wird davon die Wirksamkeit der \u00fcbrigen Bestimmungen nicht ber\u00fchrt.<\/p>\n\n\n\n<p class=\"has-cyan-bluish-gray-color has-text-color has-link-color wp-elements-3b66af526c667a1b41fe88fc586d19ca\">Quelle: kluge-recht.de<\/p>\n\n\n\n<p><strong>R\u00fcckgaberecht<\/strong><\/p>\n\n\n\n<p>Sie k\u00f6nnen die erhaltene Ware ohne Angabe von Gr\u00fcnden innerhalb von 14 Tagen durch R\u00fccksendung der Ware zur\u00fcckgeben. Die Frist beginnt nach Erhalt dieser Belehrung in Textform (z.B. als Brief, Fax, E-Mail), jedoch nicht vor Eingang der Ware beim Empf\u00e4nger (bei der wiederkehrenden Lieferung gleichartiger Waren nicht vor Eingang der ersten Teillieferung) und auch nicht vor Erf\u00fcllung unserer Informationspflichten gem\u00e4\u00df Artikel 246 \u00a7 2 in Verbindung mit \u00a7 1 Abs. 1 und 2 EGBGB sowie unserer Pflichten gem\u00e4\u00df \u00a7 312e Abs. 1 Satz 1 BGB in Verbindung mit Artikel 246 \u00a7 3 EGBGB. Nur bei nicht paketversandf\u00e4higer Ware (z.B. bei sperrigen G\u00fctern) k\u00f6nnen Sie die R\u00fcckgabe auch durch R\u00fccknahmeverlangen in Textform erkl\u00e4ren. Zur Wahrung der Frist gen\u00fcgt die rechtzeitige Absendung der Ware oder des R\u00fccknahmeverlangens. In jedem Fall erfolgt die R\u00fccksendung auf unsere Kosten und Gefahr. Die R\u00fccksendung oder das R\u00fccknahmeverlangen hat zu erfolgen an:<\/p>\n\n\n\n<p>Katkas\u00b4s Dance Academy.de<\/p>\n\n\n\n<p><strong>Katka Konczov\u00e1<\/strong><br>Nagelschmiedstr.3<br><strong>84524 Neu\u00f6tting<\/strong><br>Telefon: 0170 \/ 2068808<br>info@katkas-dance-academy.de<\/p>\n\n\n\n<p>Bei R\u00fccknahmeverlangen wird die Ware bei Ihnen abgeholt.<\/p>\n\n\n\n<p><strong>R\u00fcckgabefolgen<\/strong><\/p>\n\n\n\n<p>Im Falle einer wirksamen R\u00fcckgabe sind die beiderseits empfangenen Leistungen zur\u00fcckzugew\u00e4hren und ggf. gezogene Nutzungen (z.B. Gebrauchsvorteile) herauszugeben. Bei einer Verschlechterung der Ware kann Wertersatz verlangt werden. Dies gilt nicht, wenn die Verschlechterung der Ware ausschlie\u00dflich auf deren Pr\u00fcfung<\/p>\n\n\n\n<p>wie sie Ihnen etwa im Ladengesch\u00e4ft m\u00f6glich gewesen w\u00e4re zur\u00fcckzuf\u00fchren ist. Im \u00dcbrigen k\u00f6nnen Sie die Pflicht zum Wertersatz f\u00fcr eine durch die bestimmungsgem\u00e4\u00dfe Ingebrauchnahme der Sache entstandene Verschlechterung vermeiden, indem Sie die Ware nicht wie Ihr Eigentum in Gebraucher nehmen und alles unterlassen, was deren Wert beeintr\u00e4chtigt. Verpflichtungen zur Erstattung von Zahlungen m\u00fcssen innerhalb von 30 Tagen erf\u00fcllt werden. Die Frist beginnt f\u00fcr Sie mit der Absendung der Ware oder des R\u00fccknahmeverlangens, f\u00fcr uns mit dem Empfang.<\/p>\n\n\n\n<p><strong>Widerrufsrecht<\/strong><\/p>\n\n\n\n<p>Sie k\u00f6nnen Ihre Vertragserkl\u00e4rung innerhalb von 14 Tagen ohne Angabe von Gr\u00fcnden in Textform (z. B. Brief, Fax, E-Mail) oder &#8211; wenn Ihnen die Sache vor Fristablauf \u00fcberlassen wird &#8211; durch R\u00fccksendung der Sache widerrufen. Die Frist beginnt nach Erhalt dieser Belehrung in Textform, jedoch nicht vor Eingang der Ware beim Empf\u00e4nger (bei der wiederkehrenden Lieferung gleichartiger Waren nicht vor Eingang der ersten Teillieferung) und auch nicht vor Erf\u00fcllung unserer Informationspflichten gem\u00e4\u00df Artikel 246 \u00a7 2 in Verbindung mit \u00a7 1 Abs. 1 und 2 EGBGB sowie unserer Pflichten gem\u00e4\u00df \u00a7 312e Abs. 1 Satz 1 BGB in Verbindung mit Artikel 246 \u00a7 3 EGBGB. Zur Wahrung der Widerrufsfrist gen\u00fcgt die rechtzeitige Absendung des Widerrufs oder der Sache. Der Widerruf ist zu richten an:<\/p>\n\n\n\n<p>Katkas\u00b4s Dance Academy.de<\/p>\n\n\n\n<p><strong>Katka Konczov\u00e1<\/strong><br>Nagelschmiedstr.3<br><strong>84524 Neu\u00f6tting<\/strong><br>Telefon: 0170 \/ 2068808<br>info@katkas-dance-academy.de<\/p>\n\n\n\n<p><strong>Widerrufsfolgen<\/strong><\/p>\n\n\n\n<p>Im Falle eines wirksamen Widerrufs sind die beiderseits empfangenen Leistungen zur\u00fcck-zugew\u00e4hren und ggf. gezogene Nutzungen (z. B. Zinsen) herauszugeben. K\u00f6nnen Sie uns die empfangene Leistung ganz oder teilweise nicht oder nur in verschlechtertem Zu-stand zur\u00fcckgew\u00e4hren, m\u00fcssen Sie uns insoweit ggf. Wertersatz leisten. Bei der \u00dcberlas-sung von Sachen gilt dies nicht, wenn die Verschlechterung der Sache ausschlie\u00dflich auf deren Pr\u00fcfung &#8211; wie sie Ihnen etwa im Ladengesch\u00e4ft m\u00f6glich gewesen w\u00e4re &#8211; zur\u00fcckzuf\u00fchren ist. Im \u00dcbrigen k\u00f6nnen Sie die Pflicht zum Wertersatz f\u00fcr eine durch die bestimmungsgem\u00e4\u00dfe Ingebrauchnahme der Sache entstandene Verschlechterung vermeiden, indem Sie die Sache nicht wie Ihr Eigentum in Gebrauch nehmen und alles unterlassen, was deren Wert beeintr\u00e4chtigt. Paketversandf\u00e4hige Sachen sind auf unsere Gefahr zur\u00fcckzusenden. Sie haben die Kosten der R\u00fccksendung zu tragen, wenn die gelieferte Ware der bestellten entspricht und wenn der Preis der zur\u00fcckzusendenden Sache einen Betrag von 40 Euro nicht \u00fcbersteigt oder wenn Sie bei einem h\u00f6heren Preis der Sache zum Zeitpunkt des Widerrufs noch nicht die Gegenleistung oder eine vertraglich vereinbarte Teilzahlung erbracht haben. Anderenfalls ist die R\u00fccksendung f\u00fcr Sie kostenfrei. Nicht paketversandf\u00e4hige Sachen werden bei Ihnen abgeholt. Verpflichtungen zur Erstattung von Zahlungen m\u00fcssen innerhalb von 30 Tagen erf\u00fcllt werden. Die Frist beginnt f\u00fcr Sie mit der Absendung Ihrer Widerrufserkl\u00e4rung oder der Sache, f\u00fcr uns mit deren Empfang.<\/p>\n","protected":false},"excerpt":{"rendered":"<p>Allgemeine Gesch\u00e4ftsbedingungen Geltungsbereich &amp; Abwehrklausel (1) F\u00fcr die \u00fcber diesen Internet-Shop begr\u00fcndeten Rechtsbeziehungen zwischen dem Betreiber des Shops EP:Multimedia Shop und seinen Kunden gelten ausschlie\u00dflich die folgenden Allgemeinen Gesch\u00e4ftsbedingungen in der jeweiligen Fassung zum Zeitpunkt der Bestellung. (2) Abweichende Allgemeine Gesch\u00e4ftsbedingungen des Kunden werden zur\u00fcckgewiesen. Zustandekommen des Vertrages (1) Durch das Absenden der Bestellung im [&hellip;]<\/p>\n","protected":false},"author":2,"featured_media":0,"parent":0,"menu_order":0,"comment_status":"closed","ping_status":"closed","template":"","meta":{"footnotes":""},"class_list":["post-976","page","type-page","status-publish","hentry"],"_links":{"self":[{"href":"https:\/\/www.katkas-dance-academy.de\/startseite\/wp-json\/wp\/v2\/pages\/976","targetHints":{"allow":["GET"]}}],"collection":[{"href":"https:\/\/www.katkas-dance-academy.de\/startseite\/wp-json\/wp\/v2\/pages"}],"about":[{"href":"https:\/\/www.katkas-dance-academy.de\/startseite\/wp-json\/wp\/v2\/types\/page"}],"author":[{"embeddable":true,"href":"https:\/\/www.katkas-dance-academy.de\/startseite\/wp-json\/wp\/v2\/users\/2"}],"replies":[{"embeddable":true,"href":"https:\/\/www.katkas-dance-academy.de\/startseite\/wp-json\/wp\/v2\/comments?post=976"}],"version-history":[{"count":4,"href":"https:\/\/www.katkas-dance-academy.de\/startseite\/wp-json\/wp\/v2\/pages\/976\/revisions"}],"predecessor-version":[{"id":982,"href":"https:\/\/www.katkas-dance-academy.de\/startseite\/wp-json\/wp\/v2\/pages\/976\/revisions\/982"}],"wp:attachment":[{"href":"https:\/\/www.katkas-dance-academy.de\/startseite\/wp-json\/wp\/v2\/media?parent=976"}],"curies":[{"name":"wp","href":"https:\/\/api.w.org\/{rel}","templated":true}]}}