{"id":954,"date":"2024-09-02T17:01:40","date_gmt":"2024-09-02T15:01:40","guid":{"rendered":"https:\/\/cms.katkas-dance-academy.de\/startseite\/?page_id=954"},"modified":"2024-09-18T21:16:03","modified_gmt":"2024-09-18T19:16:03","slug":"impressum","status":"publish","type":"page","link":"https:\/\/www.katkas-dance-academy.de\/startseite\/impressum\/","title":{"rendered":"Impressum"},"content":{"rendered":"\n<h2 class=\"wp-block-heading has-text-align-center\">Impressum<\/h2>\n\n\n\n<div class=\"wp-block-columns wp-container-content-9cfa9a5a is-layout-flex wp-container-core-columns-is-layout-28f84493 wp-block-columns-is-layout-flex\">\n<div class=\"wp-block-column is-layout-flow wp-block-column-is-layout-flow\" style=\"flex-basis:50%\">\n<p><strong>Verantwortlich<\/strong><br>Katka\u00b4s Dance Academy.de<br><strong>Katka Konczov\u00e0<\/strong><br>Nagelschmiedstr.3<br>84524 Neu\u00f6tting<\/p>\n<\/div>\n\n\n\n<div class=\"wp-block-column is-layout-flow wp-block-column-is-layout-flow\" style=\"flex-basis:50%\">\n<p><strong>Kontakt<\/strong><br><strong>Telefon<\/strong>: 0170 \/ 2068808<br><strong>E-Mail<\/strong>: info@katkas-dance-academy.de<\/p>\n\n\n\n<p><strong>Steuer Nr.<\/strong>: 141\/130\/00377<br><strong>Gl\u00e4ubiger &#8211; ID Nummer<\/strong>: DE89ZZZ00001154316<\/p>\n\n\n\n<p><strong>Impressum im Sinne des \u00a76 TDG<\/strong>&nbsp;(Teledienstegesetz)<\/p>\n<\/div>\n<\/div>\n\n\n\n<p><strong>Betreiber und Ersteller der Webseiten<\/strong><\/p>\n\n\n\n<div class=\"wp-block-columns is-layout-flex wp-container-core-columns-is-layout-28f84493 wp-block-columns-is-layout-flex\">\n<div class=\"wp-block-column is-layout-flow wp-block-column-is-layout-flow\">\n<p><strong>Verantwortlich f\u00fcr den Inhalt<\/strong>:&nbsp;Katka Konczov\u00e1<br><strong>Anschrift<\/strong>: <br>Nagelschmiedstr.3<br>84524 Neu\u00f6tting<br>Deutschland<\/p>\n\n\n\n<p>Telefon: 0170 \/ 2068808<\/p>\n<\/div>\n\n\n\n<div class=\"wp-block-column is-layout-flow wp-block-column-is-layout-flow\">\n<p><strong>Steuerliche Angaben gem\u00e4ss \u00a7 27a UStG:<\/strong><br>Rechtsform: Einzelunternehmen \/ Kleingewerbe nach \u00a719 UStG<br>Gewerbeanmeldung: Gemeinde M\u00fchldorf<\/p>\n\n\n\n<p>Steuer Nr.: 141\/130\/00377<br>Zust\u00e4ndiges Finanzamt: M\u00fchldorf am Inn<\/p>\n<\/div>\n<\/div>\n\n\n\n<p><strong>IMPRESSUM<\/strong><\/p>\n\n\n\n<p>Alle Rechte bleiben vorbehalten. Die Inhalte der Website von katkas-dance-academy inkl. des Bildmaterials sind ausschlie\u00dflich f\u00fcr den pers\u00f6nlichen Bedarf zu nutzen. Unautorisiertes Kopieren, Vervielf\u00e4ltigen bzw. Verwenden von Inhalten aus dieser Website sind verboten. Katka Konczov\u00e1 alias katkas-dance-academy \u00fcbernimmt keine Haftung f\u00fcr die Vereinbarkeit der Website von katkas-dance-academy mit rechtlichen Bestimmungen au\u00dferhalb des Gebietes der Bundesrepublik Deutschland. Katka Konczov\u00e1 alias katkas-dance-academy \u00fcbernimmt keine Haftung f\u00fcr die Zugangsm\u00f6glichkeiten oder deren Zugriffsqualit\u00e4t sowie die Art der Darstellung und Folgen der Verwendung von Teilen der Website. Trotz sorgf\u00e4ltiger inhaltlicher Kontrolle \u00fcbernehmen wir keine Haftung f\u00fcr die Inhalte externer Links. F\u00fcr den Inhalt der verlinkten Seiten sind ausschlie\u00dflich deren Betreiber verantwortlich.<\/p>\n\n\n\n<p>Wenn diese Webseite von der Aufmachung oder vom Inhalt her fremde Rechte dritter oder gesetzliche Bestimmung verletzen, bitten wir um eine Nachricht per Mail \/ Schriftform ohne Kostennote. Wir garantieren, die Passagen die zu Recht beanstandet sind sofort zu entfernen, ohne das Sie einen Rechtsbeistand ben\u00f6tigen.Wenn Sie trotzdem ohne uns zu kontaktieren eine Abmahnung die mit Kosten verbunden sind, durch ein Rechtsbeistand versenden, werden wir diese zur\u00fcckweisen. Wir behalten uns das Recht vor hier auch eine Gegenklage einzureichen.<\/p>\n\n\n\n<p>Hinweise zu Abmahnversuchen: <strong>Keine Abmahnung ohne vorherigen Kontakt!<\/strong><\/p>\n\n\n\n<p><strong>Haftungsausschluss<\/strong><\/p>\n\n\n\n<p><strong>Haftung f\u00fcr Inhalte<\/strong><\/p>\n\n\n\n<p>Die Inhalte unserer Seiten wurden mit gr\u00f6\u00dfter Sorgfalt erstellt. F\u00fcr die Richtigkeit, Vollst\u00e4ndigkeit und Aktualit\u00e4t der Inhalte k\u00f6nnen wir jedoch keine Gew\u00e4hr \u00fcbernehmen. Als Diensteanbieter sind wir gem\u00e4\u00df \u00a7 7 Abs.1 TMG f\u00fcr eigene Inhalte auf diesen Seiten nach den allgemeinen Gesetzen verantwortlich. Nach \u00a7\u00a7 8 bis 10 TMG sind wir als Diensteanbieter jedoch nicht verpflichtet, \u00fcbermittelte oder gespeicherte fremde Informationen zu \u00fcberwachen oder nach Umst\u00e4nden zu forschen, die auf eine rechtswidrige T\u00e4tigkeit hinweisen. Verpflichtungen zur Entfernung oder Sperrung der Nutzung von Informationen nach den allgemeinen Gesetzen bleiben hiervon unber\u00fchrt. Eine diesbez\u00fcgliche Haftung ist jedoch erst ab dem Zeitpunkt der Kenntnis einer konkreten Rechtsverletzung m\u00f6glich. Bei Bekannt werden von entsprechenden Rechtsverletzungen werden wir diese Inhalte umgehend entfernen.<\/p>\n\n\n\n<p><strong>Haftung f\u00fcr Links<\/strong><\/p>\n\n\n\n<p>Unser Angebot enth\u00e4lt Links zu externen Webseiten Dritter, auf deren Inhalte wir keinen Einfluss haben. Deshalb k\u00f6nnen wir f\u00fcr diese fremden Inhalte auch keine Gew\u00e4hr \u00fcbernehmen. F\u00fcr die Inhalte der verlinkten Seiten ist stets der jeweilige Anbieter oder Betreiber der Seiten verantwortlich. Die verlinkten Seiten wurden zum Zeitpunkt der Verlinkung auf m\u00f6gliche Rechtsverst\u00f6\u00dfe \u00fcberpr\u00fcft. Rechtswidrige Inhalte waren zum Zeitpunkt der Verlinkung nicht erkennbar. Eine permanente inhaltliche Kontrolle der verlinkten Seiten ist jedoch ohne konkrete Anhaltspunkte einer Rechtsverletzung nicht zumutbar. Bei Bekannt werden von Rechtsverletzungen werden wir derartige Links umgehend entfernen.<\/p>\n\n\n\n<p><strong>Urheberrecht<\/strong><\/p>\n\n\n\n<p>Die durch die Seitenbetreiber erstellten Inhalte und Werke auf diesen Seiten unterliegen dem deutschen Urheberrecht. Die Vervielf\u00e4ltigung, Bearbeitung, Verbreitung und jede Art der Verwertung au\u00dferhalb der Grenzen des Urheberrechtes bed\u00fcrfen der schriftlichen Zustimmung des jeweiligen Autors bzw. Erstellers. Downloads und Kopien dieser Seite sind nur f\u00fcr den privaten, nicht kommerziellen Gebrauch gestattet. Soweit die Inhalte auf dieser Seite nicht vom Betreiber erstellt wurden, werden die Urheberrechte Dritter beachtet. Insbesondere werden Inhalte Dritter als solche gekennzeichnet. Sollten Sie trotzdem auf eine Urheberrechtsverletzung aufmerksam werden, bitten wir um einen entsprechenden Hinweis. Bei Bekannt werden von Rechtsverletzungen werden wir derartige Inhalte umgehend entfernen.<\/p>\n\n\n\n<p class=\"has-cyan-bluish-gray-color has-text-color has-link-color wp-elements-b6dd6c079f0d463494054d4e9910a8f4\"><strong>Quelle:<\/strong>&nbsp;erstellt mit dem &nbsp;Impressum-Generator Stiftung von eRecht24.<\/p>\n","protected":false},"excerpt":{"rendered":"<p>Impressum VerantwortlichKatka\u00b4s Dance Academy.deKatka Konczov\u00e0Nagelschmiedstr.384524 Neu\u00f6tting KontaktTelefon: 0170 \/ 2068808E-Mail: info@katkas-dance-academy.de Steuer Nr.: 141\/130\/00377Gl\u00e4ubiger &#8211; ID Nummer: DE89ZZZ00001154316 Impressum im Sinne des \u00a76 TDG&nbsp;(Teledienstegesetz) Betreiber und Ersteller der Webseiten Verantwortlich f\u00fcr den Inhalt:&nbsp;Katka Konczov\u00e1Anschrift: Nagelschmiedstr.384524 Neu\u00f6ttingDeutschland Telefon: 0170 \/ 2068808 Steuerliche Angaben gem\u00e4ss \u00a7 27a UStG:Rechtsform: Einzelunternehmen \/ Kleingewerbe nach \u00a719 UStGGewerbeanmeldung: Gemeinde M\u00fchldorf Steuer [&hellip;]<\/p>\n","protected":false},"author":2,"featured_media":0,"parent":0,"menu_order":0,"comment_status":"closed","ping_status":"closed","template":"","meta":{"footnotes":""},"class_list":["post-954","page","type-page","status-publish","hentry"],"_links":{"self":[{"href":"https:\/\/www.katkas-dance-academy.de\/startseite\/wp-json\/wp\/v2\/pages\/954","targetHints":{"allow":["GET"]}}],"collection":[{"href":"https:\/\/www.katkas-dance-academy.de\/startseite\/wp-json\/wp\/v2\/pages"}],"about":[{"href":"https:\/\/www.katkas-dance-academy.de\/startseite\/wp-json\/wp\/v2\/types\/page"}],"author":[{"embeddable":true,"href":"https:\/\/www.katkas-dance-academy.de\/startseite\/wp-json\/wp\/v2\/users\/2"}],"replies":[{"embeddable":true,"href":"https:\/\/www.katkas-dance-academy.de\/startseite\/wp-json\/wp\/v2\/comments?post=954"}],"version-history":[{"count":6,"href":"https:\/\/www.katkas-dance-academy.de\/startseite\/wp-json\/wp\/v2\/pages\/954\/revisions"}],"predecessor-version":[{"id":984,"href":"https:\/\/www.katkas-dance-academy.de\/startseite\/wp-json\/wp\/v2\/pages\/954\/revisions\/984"}],"wp:attachment":[{"href":"https:\/\/www.katkas-dance-academy.de\/startseite\/wp-json\/wp\/v2\/media?parent=954"}],"curies":[{"name":"wp","href":"https:\/\/api.w.org\/{rel}","templated":true}]}}