{"id":829,"date":"2024-08-31T11:29:41","date_gmt":"2024-08-31T09:29:41","guid":{"rendered":"https:\/\/cms.katkas-dance-academy.de\/startseite\/?page_id=829"},"modified":"2024-09-18T21:15:57","modified_gmt":"2024-09-18T19:15:57","slug":"jazzdance","status":"publish","type":"page","link":"https:\/\/www.katkas-dance-academy.de\/startseite\/jazzdance\/","title":{"rendered":"JazzDance"},"content":{"rendered":"\n<div class=\"wp-block-columns is-layout-flex wp-container-core-columns-is-layout-28f84493 wp-block-columns-is-layout-flex\">\n<div class=\"wp-block-column has-pale-cyan-blue-background-color has-background is-layout-flow wp-block-column-is-layout-flow\" style=\"border-style:none;border-width:0px;padding-top:var(--wp--preset--spacing--20);padding-right:var(--wp--preset--spacing--20);padding-bottom:var(--wp--preset--spacing--20);padding-left:var(--wp--preset--spacing--20);box-shadow:var(--wp--preset--shadow--natural)\">\n<h2 class=\"wp-block-heading has-text-align-center\">Kreativer JazzDance<\/h2>\n\n\n\n<p class=\"has-text-align-center\"><strong><em>Gruppen: 6-7 Jahre, 8-9 Jahre<\/em><\/strong><\/p>\n\n\n\n<p>Der kreative JazzDance ist die Vorbereitung auf den JazzDance.<\/p>\n\n\n\n<p>Ihr Kind erlernt beim Kreativen Kindertanz auf t\u00e4nzerisch spielerische Weise die Grundlagen f\u00fcr sp\u00e4tere Tanzstile wie Ballett, Modern \/ Jazz Dance und HipHop. Es werden Anleitungen und Impulse gegeben, die die Phantasie anregen. Neben allgemeiner K\u00f6rperbildung wie Beweglichkeit, Kr\u00e4ftigung, Balance und Ausdauer geht es vor allem um das kreative Entdecken eigener Bewegungsm\u00f6glichkeiten, K\u00f6rpergef\u00fchl und Ausdruck zu entwickeln, sowie um das Nachahmen und Behalten von festgelegten Bewegungsabl\u00e4ufen und der Ausbildung der Musikalit\u00e4t und des Rhythmusgef\u00fchls. Ihrem Kind soll die Freude an t\u00e4nzerischer Bewegung vermittelt werden, um seine eigene Kreativit\u00e4t zu entfalten und um den Grundstein f\u00fcr ein lang- anhaltendes Hobby oder den beruflichen Werdegang zu legen.<\/p>\n\n\n\n<figure class=\"wp-block-image aligncenter size-large has-custom-border\"><img loading=\"lazy\" decoding=\"async\" width=\"1024\" height=\"739\" src=\"https:\/\/cms.katkas-dance-academy.de\/wp-content\/uploads\/2024\/09\/07-032-1024x739.jpg\" alt=\"\" class=\"wp-image-1074\" style=\"border-radius:5px\" srcset=\"https:\/\/www.katkas-dance-academy.de\/wp-content\/uploads\/2024\/09\/07-032-1024x739.jpg 1024w, https:\/\/www.katkas-dance-academy.de\/wp-content\/uploads\/2024\/09\/07-032-300x217.jpg 300w, https:\/\/www.katkas-dance-academy.de\/wp-content\/uploads\/2024\/09\/07-032-768x554.jpg 768w, https:\/\/www.katkas-dance-academy.de\/wp-content\/uploads\/2024\/09\/07-032-1536x1109.jpg 1536w, https:\/\/www.katkas-dance-academy.de\/wp-content\/uploads\/2024\/09\/07-032.jpg 2000w\" sizes=\"auto, (max-width: 1024px) 100vw, 1024px\" \/><\/figure>\n\n\n\n<h2 class=\"wp-block-heading has-text-align-center has-semi-large-font-size\"><strong>JazzDance<\/strong><\/h2>\n\n\n\n<p class=\"has-text-align-center\"><strong><em>Gruppen: 10-13 Jahre, 13-16 Jahre<\/em><\/strong><\/p>\n\n\n\n<p>Jazzdance ist ein zeitgen\u00f6ssischer Gesellschafts- und Kunsttanz, der auch als Musical-Tanz bekannt ist. Er beinhaltet flie\u00dfende Figuren sowie schnelle, rhythmische Bewegungen und wird zu fast allen Musikstilen getanzt, wie zum Beispiel Soul, Hip Hop, Funk Musical oder Balladen.<\/p>\n\n\n\n<p>Der Jazzdance entwickelte sich Anfang des 20. Jahrhunderts aus der Jazz-Musik und den zahlreichen Tanzstilen der multikulturellen Gesellschaft der USA. All diese Tanzformen fanden Eingang in den Jazzdance als Strassen-, Gesellschafts- und Unterhaltungstanz. Um 1944 hatte der Jazzdance einen ersten H\u00f6hepunkt mit dem Jazzdance-Musical \u201eWest Side Story\u201c. In den f\u00fcnfziger und sechziger Jahren wurden nach und nach Jazzdance-Elemente in das Ballett und in den \u201eModern Dance\u201c integriert. Ab 1960 wurde der so entstandene moderne Jazz und Modern Dance auch in Europa popul\u00e4r. <\/p>\n\n\n\n<p>Jazz Dance ist eine einfach zu erlernende Tanzform und wird als Gruppentanz ausge\u00fcbt. Die Musik und das Gruppenerlebnis f\u00f6rdern den Spa\u00df an der Bewegung. Mittels \u00dcbungen und Choreografien werden beim Jazzdance die Ausdauer und Beweglichkeit trainiert. Jazzdance schult ebenso die Wahrnehmung f\u00fcr Dynamik, Raum und Zeit.<\/p>\n\n\n\n<p><strong>Wie l\u00e4uft der Unterricht ab? <\/strong><\/p>\n\n\n\n<p>Wir beginnen mit einem Aufw\u00e4rmen von Kopf bis Fu\u00df mit Isolations-Elementen und leichtem Stretching.<\/p>\n\n\n\n<p>Es folgt ein Technik-Training aus Pli\u00e9s, Tendus und Drehungen zur Unterst\u00fctzung von Koordination und Balancen. Kraft- und Dehnungs\u00fcbungen st\u00e4rken Deine K\u00f6rperkontrolle.<\/p>\n\n\n\n<p>Zum Abschluss lernt ihr eine kleine Choreographie, bei der Technik und Ausdruck miteinander verschmelzen.<\/p>\n\n\n\n<figure class=\"wp-block-image aligncenter size-large has-custom-border\"><img loading=\"lazy\" decoding=\"async\" width=\"1024\" height=\"683\" src=\"https:\/\/cms.katkas-dance-academy.de\/wp-content\/uploads\/2024\/08\/04-2783-1024x683.jpg\" alt=\"\" class=\"wp-image-744\" style=\"border-radius:5px\" srcset=\"https:\/\/www.katkas-dance-academy.de\/wp-content\/uploads\/2024\/08\/04-2783-1024x683.jpg 1024w, https:\/\/www.katkas-dance-academy.de\/wp-content\/uploads\/2024\/08\/04-2783-300x200.jpg 300w, https:\/\/www.katkas-dance-academy.de\/wp-content\/uploads\/2024\/08\/04-2783-768x512.jpg 768w, https:\/\/www.katkas-dance-academy.de\/wp-content\/uploads\/2024\/08\/04-2783-1536x1024.jpg 1536w, https:\/\/www.katkas-dance-academy.de\/wp-content\/uploads\/2024\/08\/04-2783-2048x1365.jpg 2048w\" sizes=\"auto, (max-width: 1024px) 100vw, 1024px\" \/><\/figure>\n<\/div>\n<\/div>\n\n\n\n<figure class=\"wp-block-image alignright size-full\"><a href=\"#oben\"><img loading=\"lazy\" decoding=\"async\" width=\"48\" height=\"48\" src=\"https:\/\/www.katkas-dance-academy.de\/wp-content\/uploads\/2024\/08\/nach_oben_pfeil_48X48-2.png\" alt=\"Nach oben\" class=\"wp-image-804\" style=\"aspect-ratio:1;object-fit:cover\"\/><\/a><\/figure>\n","protected":false},"excerpt":{"rendered":"<p>Kreativer JazzDance Gruppen: 6-7 Jahre, 8-9 Jahre Der kreative JazzDance ist die Vorbereitung auf den JazzDance. Ihr Kind erlernt beim Kreativen Kindertanz auf t\u00e4nzerisch spielerische Weise die Grundlagen f\u00fcr sp\u00e4tere Tanzstile wie Ballett, Modern \/ Jazz Dance und HipHop. Es werden Anleitungen und Impulse gegeben, die die Phantasie anregen. Neben allgemeiner K\u00f6rperbildung wie Beweglichkeit, Kr\u00e4ftigung, [&hellip;]<\/p>\n","protected":false},"author":1,"featured_media":0,"parent":0,"menu_order":0,"comment_status":"closed","ping_status":"closed","template":"","meta":{"footnotes":""},"class_list":["post-829","page","type-page","status-publish","hentry"],"_links":{"self":[{"href":"https:\/\/www.katkas-dance-academy.de\/startseite\/wp-json\/wp\/v2\/pages\/829","targetHints":{"allow":["GET"]}}],"collection":[{"href":"https:\/\/www.katkas-dance-academy.de\/startseite\/wp-json\/wp\/v2\/pages"}],"about":[{"href":"https:\/\/www.katkas-dance-academy.de\/startseite\/wp-json\/wp\/v2\/types\/page"}],"author":[{"embeddable":true,"href":"https:\/\/www.katkas-dance-academy.de\/startseite\/wp-json\/wp\/v2\/users\/1"}],"replies":[{"embeddable":true,"href":"https:\/\/www.katkas-dance-academy.de\/startseite\/wp-json\/wp\/v2\/comments?post=829"}],"version-history":[{"count":19,"href":"https:\/\/www.katkas-dance-academy.de\/startseite\/wp-json\/wp\/v2\/pages\/829\/revisions"}],"predecessor-version":[{"id":1207,"href":"https:\/\/www.katkas-dance-academy.de\/startseite\/wp-json\/wp\/v2\/pages\/829\/revisions\/1207"}],"wp:attachment":[{"href":"https:\/\/www.katkas-dance-academy.de\/startseite\/wp-json\/wp\/v2\/media?parent=829"}],"curies":[{"name":"wp","href":"https:\/\/api.w.org\/{rel}","templated":true}]}}