{"id":20,"date":"2024-08-17T12:53:56","date_gmt":"2024-08-17T10:53:56","guid":{"rendered":"https:\/\/cms.katkas-dance-academy.de\/?page_id=20"},"modified":"2025-10-19T15:45:28","modified_gmt":"2025-10-19T13:45:28","slug":"highlights","status":"publish","type":"page","link":"https:\/\/www.katkas-dance-academy.de\/startseite\/highlights\/","title":{"rendered":"Highlights"},"content":{"rendered":"\n<p>Ein Klick auf das Bild bringt Sie zur jeweiligen Event-Gallerie.<\/p>\n\n\n\n<div class=\"wp-block-columns has-black-background-color has-background is-layout-flex wp-container-core-columns-is-layout-28f84493 wp-block-columns-is-layout-flex\" style=\"border-radius:20px\">\n<div class=\"wp-block-column is-layout-flow wp-block-column-is-layout-flow\">\n<figure class=\"wp-block-image size-large has-custom-border\"><a href=\"https:\/\/www.katkas-dance-academy.de\/startseite\/team\/herbaria-dance-cup-2025\/\"><img loading=\"lazy\" decoding=\"async\" width=\"1024\" height=\"1024\" src=\"https:\/\/www.katkas-dance-academy.de\/wp-content\/uploads\/2025\/07\/Siegerphoto_1-1024x1024.jpg\" alt=\"\" class=\"wp-image-1889\" style=\"border-radius:20px\" srcset=\"https:\/\/www.katkas-dance-academy.de\/wp-content\/uploads\/2025\/07\/Siegerphoto_1-1024x1024.jpg 1024w, https:\/\/www.katkas-dance-academy.de\/wp-content\/uploads\/2025\/07\/Siegerphoto_1-300x300.jpg 300w, https:\/\/www.katkas-dance-academy.de\/wp-content\/uploads\/2025\/07\/Siegerphoto_1-150x150.jpg 150w, https:\/\/www.katkas-dance-academy.de\/wp-content\/uploads\/2025\/07\/Siegerphoto_1-768x768.jpg 768w, https:\/\/www.katkas-dance-academy.de\/wp-content\/uploads\/2025\/07\/Siegerphoto_1-1536x1536.jpg 1536w, https:\/\/www.katkas-dance-academy.de\/wp-content\/uploads\/2025\/07\/Siegerphoto_1.jpg 1736w\" sizes=\"auto, (max-width: 1024px) 100vw, 1024px\" \/><\/a><\/figure>\n<\/div>\n\n\n\n<div class=\"wp-block-column has-luminous-vivid-amber-color has-black-background-color has-text-color has-background has-link-color wp-elements-351c4709e90c3fb7fb4e24d392c3aa07 is-layout-flow wp-block-column-is-layout-flow\">\n<p class=\"has-large-font-size\"><strong>Herbaria Dance Cup 2025<\/strong><\/p>\n\n\n\n<p>Die <strong>New Flair Dance Crew<\/strong> belegte den 1. Platz beim Dance Cup in Bad Aibling. Klick auf&#8217;s Bild f\u00fcr Fotos und das Video vom Auftritt.<\/p>\n<\/div>\n<\/div>\n\n\n\n<div class=\"wp-block-columns is-layout-flex wp-container-core-columns-is-layout-a5331a9e wp-block-columns-is-layout-flex\" style=\"border-style:none;border-width:0px;border-radius:0px;padding-top:0;padding-right:0;padding-bottom:0;padding-left:0\">\n<div class=\"wp-block-column is-layout-flow wp-block-column-is-layout-flow\">\n<figure class=\"wp-block-image size-full has-custom-border\"><a href=\"https:\/\/www.katkas-dance-academy.de\/startseite\/team\/lavelle-smith\/\"><img loading=\"lazy\" decoding=\"async\" width=\"543\" height=\"544\" src=\"https:\/\/www.katkas-dance-academy.de\/wp-content\/uploads\/2024\/08\/image.png\" alt=\"\" class=\"wp-image-130\" style=\"border-radius:20px\" srcset=\"https:\/\/www.katkas-dance-academy.de\/wp-content\/uploads\/2024\/08\/image.png 543w, https:\/\/www.katkas-dance-academy.de\/wp-content\/uploads\/2024\/08\/image-300x300.png 300w, https:\/\/www.katkas-dance-academy.de\/wp-content\/uploads\/2024\/08\/image-150x150.png 150w\" sizes=\"auto, (max-width: 543px) 100vw, 543px\" \/><\/a><\/figure>\n\n\n\n<p><strong>LaVelle Smith<\/strong><\/p>\n\n\n\n<p>Seine T\u00e4nzerkarriere begann bei Prince, dann war er 15 Jahre einer der vier Hauptt\u00e4nzer bei Michael Jackson. Als einer seiner Choreographen war er mitverantwortlich f\u00fcr die bekanntesten Shows. Heute unterrichtet er Interessierte in den besonderen Moves des King of Pop. Bereits drei Mal war zu Gast in unserer Tanzschule.<\/p>\n<\/div>\n\n\n\n<div class=\"wp-block-column is-layout-flow wp-block-column-is-layout-flow\">\n<figure class=\"wp-block-image size-full has-custom-border\"><a href=\"https:\/\/www.katkas-dance-academy.de\/startseite\/team\/brahms-getanztes-requiem-2024\/\"><img loading=\"lazy\" decoding=\"async\" width=\"1599\" height=\"1066\" src=\"https:\/\/www.katkas-dance-academy.de\/wp-content\/uploads\/2024\/12\/IMG-20241201-WA0037.jpg\" alt=\"\" class=\"wp-image-1712\" style=\"border-radius:20px\" srcset=\"https:\/\/www.katkas-dance-academy.de\/wp-content\/uploads\/2024\/12\/IMG-20241201-WA0037.jpg 1599w, https:\/\/www.katkas-dance-academy.de\/wp-content\/uploads\/2024\/12\/IMG-20241201-WA0037-300x200.jpg 300w, https:\/\/www.katkas-dance-academy.de\/wp-content\/uploads\/2024\/12\/IMG-20241201-WA0037-1024x683.jpg 1024w, https:\/\/www.katkas-dance-academy.de\/wp-content\/uploads\/2024\/12\/IMG-20241201-WA0037-768x512.jpg 768w, https:\/\/www.katkas-dance-academy.de\/wp-content\/uploads\/2024\/12\/IMG-20241201-WA0037-1536x1024.jpg 1536w\" sizes=\"auto, (max-width: 1599px) 100vw, 1599px\" \/><\/a><\/figure>\n\n\n\n<p><strong>Brahms &#8211; Ein getanztes Requiem &#8211; 2024<\/strong><\/p>\n\n\n\n<p>Im November 2024 tanzen unsere ausgesuchten T\u00e4nzerinnen im Kongresszentrum Forum \/ Alt\u00f6tting und Schlo\u00df Pertenstein \/ Traunreuth das Deutsche Requiem von Johannes Brahms.<\/p>\n<\/div>\n<\/div>\n\n\n\n<div class=\"wp-block-columns is-layout-flex wp-container-core-columns-is-layout-a5331a9e wp-block-columns-is-layout-flex\" style=\"border-style:none;border-width:0px;border-radius:0px;padding-top:0;padding-right:0;padding-bottom:0;padding-left:0\">\n<div class=\"wp-block-column is-layout-flow wp-block-column-is-layout-flow\">\n<div class=\"wp-block-group is-layout-constrained wp-block-group-is-layout-constrained\">\n<figure class=\"wp-block-image size-full has-custom-border\"><a href=\"https:\/\/www.katkas-dance-academy.de\/startseite\/team\/tanzshow-2023\/\"><img loading=\"lazy\" decoding=\"async\" width=\"2560\" height=\"1707\" src=\"https:\/\/www.katkas-dance-academy.de\/wp-content\/uploads\/2024\/08\/02-2090-scaled.jpg\" alt=\"\" class=\"has-border-color has-heading-border-color wp-image-710\" style=\"border-width:2px;border-radius:20px\" srcset=\"https:\/\/www.katkas-dance-academy.de\/wp-content\/uploads\/2024\/08\/02-2090-scaled.jpg 2560w, https:\/\/www.katkas-dance-academy.de\/wp-content\/uploads\/2024\/08\/02-2090-300x200.jpg 300w, https:\/\/www.katkas-dance-academy.de\/wp-content\/uploads\/2024\/08\/02-2090-1024x683.jpg 1024w, https:\/\/www.katkas-dance-academy.de\/wp-content\/uploads\/2024\/08\/02-2090-768x512.jpg 768w, https:\/\/www.katkas-dance-academy.de\/wp-content\/uploads\/2024\/08\/02-2090-1536x1024.jpg 1536w, https:\/\/www.katkas-dance-academy.de\/wp-content\/uploads\/2024\/08\/02-2090-2048x1365.jpg 2048w\" sizes=\"auto, (max-width: 2560px) 100vw, 2560px\" \/><\/a><\/figure>\n\n\n\n<p><strong>Mission Passion &#8211; Dance Show 2023<\/strong><\/p>\n<\/div>\n<\/div>\n\n\n\n<div class=\"wp-block-column is-layout-flow wp-block-column-is-layout-flow\">\n<div class=\"wp-block-group is-layout-constrained wp-block-group-is-layout-constrained\">\n<figure class=\"wp-block-image size-full has-custom-border\"><a href=\"https:\/\/www.katkas-dance-academy.de\/startseite\/team\/tanzshow-2019\/\"><img loading=\"lazy\" decoding=\"async\" width=\"2560\" height=\"1758\" src=\"https:\/\/www.katkas-dance-academy.de\/wp-content\/uploads\/2024\/08\/A-P1077321-scaled.jpg\" alt=\"\" class=\"wp-image-608\" style=\"border-radius:20px\" srcset=\"https:\/\/www.katkas-dance-academy.de\/wp-content\/uploads\/2024\/08\/A-P1077321-scaled.jpg 2560w, https:\/\/www.katkas-dance-academy.de\/wp-content\/uploads\/2024\/08\/A-P1077321-300x206.jpg 300w, https:\/\/www.katkas-dance-academy.de\/wp-content\/uploads\/2024\/08\/A-P1077321-1024x703.jpg 1024w, https:\/\/www.katkas-dance-academy.de\/wp-content\/uploads\/2024\/08\/A-P1077321-768x527.jpg 768w, https:\/\/www.katkas-dance-academy.de\/wp-content\/uploads\/2024\/08\/A-P1077321-1536x1055.jpg 1536w, https:\/\/www.katkas-dance-academy.de\/wp-content\/uploads\/2024\/08\/A-P1077321-2048x1406.jpg 2048w\" sizes=\"auto, (max-width: 2560px) 100vw, 2560px\" \/><\/a><\/figure>\n\n\n\n<p><strong>Das Tanzmuseum &#8211; Dance Show 2019<\/strong><\/p>\n<\/div>\n<\/div>\n<\/div>\n\n\n\n<div class=\"wp-block-columns is-layout-flex wp-container-core-columns-is-layout-a5331a9e wp-block-columns-is-layout-flex\" style=\"border-style:none;border-width:0px;border-radius:0px;padding-top:0;padding-right:0;padding-bottom:0;padding-left:0\">\n<div class=\"wp-block-column is-layout-flow wp-block-column-is-layout-flow\">\n<div class=\"wp-block-group is-layout-constrained wp-block-group-is-layout-constrained\">\n<figure class=\"wp-block-image size-full has-custom-border\"><a href=\"https:\/\/www.katkas-dance-academy.de\/startseite\/team\/tanzshow-2016\/\"><img loading=\"lazy\" decoding=\"async\" width=\"2560\" height=\"1445\" src=\"https:\/\/www.katkas-dance-academy.de\/wp-content\/uploads\/2024\/09\/2016-04-01-13.00.00-scaled.jpg\" alt=\"\" class=\"wp-image-1085\" style=\"border-radius:20px\" srcset=\"https:\/\/www.katkas-dance-academy.de\/wp-content\/uploads\/2024\/09\/2016-04-01-13.00.00-scaled.jpg 2560w, https:\/\/www.katkas-dance-academy.de\/wp-content\/uploads\/2024\/09\/2016-04-01-13.00.00-300x169.jpg 300w, https:\/\/www.katkas-dance-academy.de\/wp-content\/uploads\/2024\/09\/2016-04-01-13.00.00-1024x578.jpg 1024w, https:\/\/www.katkas-dance-academy.de\/wp-content\/uploads\/2024\/09\/2016-04-01-13.00.00-768x433.jpg 768w, https:\/\/www.katkas-dance-academy.de\/wp-content\/uploads\/2024\/09\/2016-04-01-13.00.00-1536x867.jpg 1536w, https:\/\/www.katkas-dance-academy.de\/wp-content\/uploads\/2024\/09\/2016-04-01-13.00.00-2048x1156.jpg 2048w\" sizes=\"auto, (max-width: 2560px) 100vw, 2560px\" \/><\/a><\/figure>\n\n\n\n<p><strong>Speechless &#8211; Dance Show 2016<\/strong><\/p>\n<\/div>\n<\/div>\n\n\n\n<div class=\"wp-block-column is-layout-flow wp-block-column-is-layout-flow\">\n<div class=\"wp-block-group is-layout-constrained wp-block-group-is-layout-constrained\">\n<figure class=\"wp-block-image size-full has-custom-border\"><a href=\"https:\/\/www.katkas-dance-academy.de\/startseite\/team\/tanzshow-2013\/\"><img loading=\"lazy\" decoding=\"async\" width=\"2000\" height=\"1445\" src=\"https:\/\/www.katkas-dance-academy.de\/wp-content\/uploads\/2024\/09\/02-025.jpg\" alt=\"\" class=\"wp-image-1078\" style=\"border-radius:20px;object-fit:cover\" srcset=\"https:\/\/www.katkas-dance-academy.de\/wp-content\/uploads\/2024\/09\/02-025.jpg 2000w, https:\/\/www.katkas-dance-academy.de\/wp-content\/uploads\/2024\/09\/02-025-300x217.jpg 300w, https:\/\/www.katkas-dance-academy.de\/wp-content\/uploads\/2024\/09\/02-025-1024x740.jpg 1024w, https:\/\/www.katkas-dance-academy.de\/wp-content\/uploads\/2024\/09\/02-025-768x555.jpg 768w, https:\/\/www.katkas-dance-academy.de\/wp-content\/uploads\/2024\/09\/02-025-1536x1110.jpg 1536w\" sizes=\"auto, (max-width: 2000px) 100vw, 2000px\" \/><\/a><\/figure>\n\n\n\n<p><strong>Dream Show &#8211; Dance Show 2013<\/strong><\/p>\n<\/div>\n<\/div>\n<\/div>\n\n\n\n<div class=\"wp-block-columns is-layout-flex wp-container-core-columns-is-layout-a5331a9e wp-block-columns-is-layout-flex\" style=\"border-style:none;border-width:0px;border-radius:0px;padding-top:0;padding-right:0;padding-bottom:0;padding-left:0\">\n<div class=\"wp-block-column is-layout-flow wp-block-column-is-layout-flow\">\n<div class=\"wp-block-group is-layout-constrained wp-block-group-is-layout-constrained\">\n<figure class=\"wp-block-image size-full has-custom-border\"><a href=\"https:\/\/www.katkas-dance-academy.de\/startseite\/team\/tanzshow-2013-2\/\"><img loading=\"lazy\" decoding=\"async\" width=\"2560\" height=\"1707\" src=\"https:\/\/www.katkas-dance-academy.de\/wp-content\/uploads\/2024\/08\/0313-02-scaled.jpg\" alt=\"\" class=\"wp-image-519\" style=\"border-radius:20px\" srcset=\"https:\/\/www.katkas-dance-academy.de\/wp-content\/uploads\/2024\/08\/0313-02-scaled.jpg 2560w, https:\/\/www.katkas-dance-academy.de\/wp-content\/uploads\/2024\/08\/0313-02-300x200.jpg 300w, https:\/\/www.katkas-dance-academy.de\/wp-content\/uploads\/2024\/08\/0313-02-1024x683.jpg 1024w, https:\/\/www.katkas-dance-academy.de\/wp-content\/uploads\/2024\/08\/0313-02-768x512.jpg 768w, https:\/\/www.katkas-dance-academy.de\/wp-content\/uploads\/2024\/08\/0313-02-1536x1024.jpg 1536w, https:\/\/www.katkas-dance-academy.de\/wp-content\/uploads\/2024\/08\/0313-02-2048x1365.jpg 2048w\" sizes=\"auto, (max-width: 2560px) 100vw, 2560px\" \/><\/a><\/figure>\n\n\n\n<p><strong>Musical Show &#8211; Dance Show 2010<\/strong><\/p>\n<\/div>\n<\/div>\n\n\n\n<div class=\"wp-block-column is-layout-flow wp-block-column-is-layout-flow\">\n<div class=\"wp-block-group is-layout-constrained wp-block-group-is-layout-constrained\">\n<figure class=\"wp-block-image size-full has-custom-border\"><a href=\"https:\/\/www.katkas-dance-academy.de\/startseite\/team\/tanzshow-2008\/\"><img loading=\"lazy\" decoding=\"async\" width=\"2560\" height=\"1707\" src=\"https:\/\/www.katkas-dance-academy.de\/wp-content\/uploads\/2024\/08\/405-scaled.jpg\" alt=\"\" class=\"wp-image-365\" style=\"border-radius:20px\" srcset=\"https:\/\/www.katkas-dance-academy.de\/wp-content\/uploads\/2024\/08\/405-scaled.jpg 2560w, https:\/\/www.katkas-dance-academy.de\/wp-content\/uploads\/2024\/08\/405-300x200.jpg 300w, https:\/\/www.katkas-dance-academy.de\/wp-content\/uploads\/2024\/08\/405-1024x683.jpg 1024w, https:\/\/www.katkas-dance-academy.de\/wp-content\/uploads\/2024\/08\/405-768x512.jpg 768w, https:\/\/www.katkas-dance-academy.de\/wp-content\/uploads\/2024\/08\/405-1536x1024.jpg 1536w, https:\/\/www.katkas-dance-academy.de\/wp-content\/uploads\/2024\/08\/405-2048x1365.jpg 2048w\" sizes=\"auto, (max-width: 2560px) 100vw, 2560px\" \/><\/a><\/figure>\n\n\n\n<p><strong>Dance Gala &#8211; Dance Show 2008<\/strong><\/p>\n<\/div>\n<\/div>\n<\/div>\n\n\n\n<figure class=\"wp-block-image alignright size-full\"><a href=\"#oben\"><img loading=\"lazy\" decoding=\"async\" width=\"48\" height=\"48\" src=\"https:\/\/www.katkas-dance-academy.de\/wp-content\/uploads\/2024\/08\/nach_oben_pfeil_48X48-2.png\" alt=\"Nach oben\" class=\"wp-image-804\" style=\"aspect-ratio:1;object-fit:cover\"\/><\/a><\/figure>\n\n\n\n<p><\/p>\n","protected":false},"excerpt":{"rendered":"<p>Ein Klick auf das Bild bringt Sie zur jeweiligen Event-Gallerie. Herbaria Dance Cup 2025 Die New Flair Dance Crew belegte den 1. Platz beim Dance Cup in Bad Aibling. Klick auf&#8217;s Bild f\u00fcr Fotos und das Video vom Auftritt. LaVelle Smith Seine T\u00e4nzerkarriere begann bei Prince, dann war er 15 Jahre einer der vier Hauptt\u00e4nzer [&hellip;]<\/p>\n","protected":false},"author":2,"featured_media":0,"parent":0,"menu_order":0,"comment_status":"closed","ping_status":"closed","template":"","meta":{"footnotes":""},"class_list":["post-20","page","type-page","status-publish","hentry"],"_links":{"self":[{"href":"https:\/\/www.katkas-dance-academy.de\/startseite\/wp-json\/wp\/v2\/pages\/20","targetHints":{"allow":["GET"]}}],"collection":[{"href":"https:\/\/www.katkas-dance-academy.de\/startseite\/wp-json\/wp\/v2\/pages"}],"about":[{"href":"https:\/\/www.katkas-dance-academy.de\/startseite\/wp-json\/wp\/v2\/types\/page"}],"author":[{"embeddable":true,"href":"https:\/\/www.katkas-dance-academy.de\/startseite\/wp-json\/wp\/v2\/users\/2"}],"replies":[{"embeddable":true,"href":"https:\/\/www.katkas-dance-academy.de\/startseite\/wp-json\/wp\/v2\/comments?post=20"}],"version-history":[{"count":55,"href":"https:\/\/www.katkas-dance-academy.de\/startseite\/wp-json\/wp\/v2\/pages\/20\/revisions"}],"predecessor-version":[{"id":1912,"href":"https:\/\/www.katkas-dance-academy.de\/startseite\/wp-json\/wp\/v2\/pages\/20\/revisions\/1912"}],"wp:attachment":[{"href":"https:\/\/www.katkas-dance-academy.de\/startseite\/wp-json\/wp\/v2\/media?parent=20"}],"curies":[{"name":"wp","href":"https:\/\/api.w.org\/{rel}","templated":true}]}}