{"id":1299,"date":"2024-09-15T22:05:11","date_gmt":"2024-09-15T20:05:11","guid":{"rendered":"https:\/\/cms.katkas-dance-academy.de\/startseite\/?page_id=1299"},"modified":"2025-09-22T19:03:37","modified_gmt":"2025-09-22T17:03:37","slug":"ueber-mich-katka-konczova","status":"publish","type":"page","link":"https:\/\/www.katkas-dance-academy.de\/startseite\/ueber-mich-katka-konczova\/","title":{"rendered":"\u00dcber mich"},"content":{"rendered":"\n<div class=\"wp-block-columns is-layout-flex wp-container-core-columns-is-layout-28f84493 wp-block-columns-is-layout-flex\">\n<div class=\"wp-block-column is-layout-flow wp-block-column-is-layout-flow\" style=\"padding-top:var(--wp--preset--spacing--20);padding-right:var(--wp--preset--spacing--20);padding-bottom:var(--wp--preset--spacing--20);padding-left:var(--wp--preset--spacing--20);box-shadow:var(--wp--preset--shadow--deep)\">\n<div class=\"wp-block-media-text is-stacked-on-mobile\" style=\"grid-template-columns:24% auto\"><figure class=\"wp-block-media-text__media\"><img loading=\"lazy\" decoding=\"async\" width=\"573\" height=\"680\" src=\"https:\/\/cms.katkas-dance-academy.de\/wp-content\/uploads\/2024\/09\/Katka.jpg\" alt=\"\" class=\"wp-image-1236 size-full\" srcset=\"https:\/\/www.katkas-dance-academy.de\/wp-content\/uploads\/2024\/09\/Katka.jpg 573w, https:\/\/www.katkas-dance-academy.de\/wp-content\/uploads\/2024\/09\/Katka-253x300.jpg 253w\" sizes=\"auto, (max-width: 573px) 100vw, 573px\" \/><\/figure><div class=\"wp-block-media-text__content\">\n<p class=\"has-text-align-left\">Mein Name ist <strong>Katka Konczov\u00e1<\/strong>, Inhaberin und Leiterin von Katkas Dance Academy.<br>Ich bin in der Slowakei geboren und seit 1994 in Deutschland.<\/p>\n\n\n\n<p>1998 habe ich in Neu\u00f6tting die Tanzschule &#8222;Katka&#8217;s Dance Academy&#8220; gegr\u00fcndet.<\/p>\n<\/div><\/div>\n\n\n\n<p><strong>Erfolge &amp; Wirken<\/strong><\/p>\n\n\n\n<ul class=\"wp-block-list\">\n<li>3. Platz bei den Europameisterschaften in lateinamerikanischem Formationstanz 1990<\/li>\n\n\n\n<li>4. Platz bei den Weltmeisterschaften im Lateinamerikanischen Formationstanz 1991<\/li>\n\n\n\n<li>\u00d6sterreichische Meisterin im Formationstanz 1991<\/li>\n\n\n\n<li>Besitzerin der S-Klasse, der h\u00f6chsten deutschen Klasse f\u00fcr Lateinamerikanische Paart\u00e4nze<\/li>\n\n\n\n<li>Besitzerin der A-Klasse f\u00fcr Standard Paart\u00e4nze<\/li>\n\n\n\n<li>Choreographin<\/li>\n<\/ul>\n\n\n\n<p><strong>Ausbildungen<\/strong><\/p>\n\n\n\n<ul class=\"wp-block-list\">\n<li>Diplomierte Tanzp\u00e4dagogin f\u00fcr Kinder &amp; Erwachsene<\/li>\n\n\n\n<li>Kreativer Kindertanz<\/li>\n\n\n\n<li>Jazzdance, Klassisches Ballet, Modern Dance<\/li>\n\n\n\n<li>Standard- und Lateinamerikanische T\u00e4nze<\/li>\n\n\n\n<li>Master Aerobic Instructor (Internationale Fitness- und Aerobic Akademie)<\/li>\n<\/ul>\n\n\n\n<ul class=\"wp-block-list\">\n<li>psychol. Lebensberaterin f\u00fcr Kinder und Erwachsene<\/li>\n\n\n\n<li>Zertifizierte Aurachirurgin nach Kl\u00fcgl<\/li>\n<\/ul>\n\n\n\n<p><\/p>\n\n\n\n<p><\/p>\n<\/div>\n<\/div>\n\n\n\n<figure class=\"wp-block-image alignright size-full\"><a href=\"#oben\"><img loading=\"lazy\" decoding=\"async\" width=\"48\" height=\"48\" src=\"https:\/\/www.katkas-dance-academy.de\/wp-content\/uploads\/2024\/08\/nach_oben_pfeil_48X48-2.png\" alt=\"Nach oben\" class=\"wp-image-804\" style=\"aspect-ratio:1;object-fit:cover\"\/><\/a><\/figure>\n","protected":false},"excerpt":{"rendered":"<p>Mein Name ist Katka Konczov\u00e1, Inhaberin und Leiterin von Katkas Dance Academy.Ich bin in der Slowakei geboren und seit 1994 in Deutschland. 1998 habe ich in Neu\u00f6tting die Tanzschule &#8222;Katka&#8217;s Dance Academy&#8220; gegr\u00fcndet. Erfolge &amp; Wirken Ausbildungen<\/p>\n","protected":false},"author":2,"featured_media":0,"parent":0,"menu_order":0,"comment_status":"closed","ping_status":"closed","template":"","meta":{"footnotes":""},"class_list":["post-1299","page","type-page","status-publish","hentry"],"_links":{"self":[{"href":"https:\/\/www.katkas-dance-academy.de\/startseite\/wp-json\/wp\/v2\/pages\/1299","targetHints":{"allow":["GET"]}}],"collection":[{"href":"https:\/\/www.katkas-dance-academy.de\/startseite\/wp-json\/wp\/v2\/pages"}],"about":[{"href":"https:\/\/www.katkas-dance-academy.de\/startseite\/wp-json\/wp\/v2\/types\/page"}],"author":[{"embeddable":true,"href":"https:\/\/www.katkas-dance-academy.de\/startseite\/wp-json\/wp\/v2\/users\/2"}],"replies":[{"embeddable":true,"href":"https:\/\/www.katkas-dance-academy.de\/startseite\/wp-json\/wp\/v2\/comments?post=1299"}],"version-history":[{"count":9,"href":"https:\/\/www.katkas-dance-academy.de\/startseite\/wp-json\/wp\/v2\/pages\/1299\/revisions"}],"predecessor-version":[{"id":1922,"href":"https:\/\/www.katkas-dance-academy.de\/startseite\/wp-json\/wp\/v2\/pages\/1299\/revisions\/1922"}],"wp:attachment":[{"href":"https:\/\/www.katkas-dance-academy.de\/startseite\/wp-json\/wp\/v2\/media?parent=1299"}],"curies":[{"name":"wp","href":"https:\/\/api.w.org\/{rel}","templated":true}]}}