{"id":1181,"date":"2024-09-06T11:44:26","date_gmt":"2024-09-06T09:44:26","guid":{"rendered":"https:\/\/cms.katkas-dance-academy.de\/startseite\/?page_id=1181"},"modified":"2024-09-18T21:14:29","modified_gmt":"2024-09-18T19:14:29","slug":"1181-2","status":"publish","type":"page","link":"https:\/\/www.katkas-dance-academy.de\/startseite\/1181-2\/","title":{"rendered":"Modern Dance \/ Contemporary"},"content":{"rendered":"\n<h2 class=\"wp-block-heading\">Modern Dance \/ Contemporary<\/h2>\n\n\n\n<div class=\"wp-block-columns is-layout-flex wp-container-core-columns-is-layout-28f84493 wp-block-columns-is-layout-flex\">\n<div class=\"wp-block-column has-heading-color has-vivid-cyan-blue-background-color has-text-color has-background has-link-color wp-elements-853e26e5e55b9a5e85a802490eadf8c2 is-layout-flow wp-block-column-is-layout-flow\" style=\"padding-top:var(--wp--preset--spacing--20);padding-right:var(--wp--preset--spacing--20);padding-bottom:var(--wp--preset--spacing--20);padding-left:var(--wp--preset--spacing--20);box-shadow:var(--wp--preset--shadow--deep)\">\n<p class=\"has-black-color has-text-color has-link-color wp-elements-23f7f9364f45ce283447e8890956a787\">Was ist Contemporary Dance?<\/p>\n\n\n\n<p class=\"has-black-color has-text-color has-link-color wp-elements-8c0573174963e8476a9746d5f48978ce\">Contemporary Dance entstand in den 1950er Jahren und hat sich zu einer der<br>popul\u00e4rsten Tanzformen der heutigen Zeit entwickelt. Anfangs stark gepr\u00e4gt und angelehnt an klassischem Ballet, Jazz- und Modern sind \u00fcber die Jahre viele weitere Tanzstile- und Formen mit eingeflossen. <br>Contemporary Dance Technik tendiert zu einer Kombinaton der kontrollierten Fu\u00dftechnik des<br>Ballets mit der starken Betonung des Oberk\u00f6rpers im Modern Dance sowie dessen Anwendung von<br>Contract and Release, Bodenarbeit, Recovery and Fall und der Improvisationscharakteristk.<\/p>\n\n\n\n<p class=\"has-black-color has-text-color has-link-color wp-elements-3a1474e20fca440ba836209ccacd1a24\">Der Wechsel von Rhythmus, Geschwindigkeit und Richtung zeichnet diesen Tanzstil aus.<br>In neuester Zeit finden auch Einfl\u00fcsse aus Freestyle und Streetdance Eingang in diese Tanzform. Das ist durchaus erw\u00fcnscht, denn Contemporary Dance entwickelt sich st\u00e4ndig weiter. Der Name &#8222;Contemporary&#8220; sagt das bereits aus, zeitgen\u00f6ssische Str\u00f6mungen im Tanz werden laufend in diesen Stil adaptiert.<br><br>Choreographie: Die Choreographie kann etwas erz\u00e4hlen, kann abstrakt sein. Auch die Sprache kann in eine Contemporary Dance Performance mit einbezogen sein.<\/p>\n\n\n\n<figure class=\"wp-block-gallery has-nested-images columns-default is-cropped wp-block-gallery-1 is-layout-flex wp-block-gallery-is-layout-flex\">\n<figure class=\"wp-block-image size-large has-custom-border\"><img loading=\"lazy\" decoding=\"async\" width=\"930\" height=\"1024\" data-id=\"1266\" src=\"https:\/\/cms.katkas-dance-academy.de\/wp-content\/uploads\/2024\/09\/Speechless0711160155-930x1024.jpg\" alt=\"\" class=\"wp-image-1266\" style=\"border-radius:5px\" srcset=\"https:\/\/www.katkas-dance-academy.de\/wp-content\/uploads\/2024\/09\/Speechless0711160155-930x1024.jpg 930w, https:\/\/www.katkas-dance-academy.de\/wp-content\/uploads\/2024\/09\/Speechless0711160155-273x300.jpg 273w, https:\/\/www.katkas-dance-academy.de\/wp-content\/uploads\/2024\/09\/Speechless0711160155-768x846.jpg 768w, https:\/\/www.katkas-dance-academy.de\/wp-content\/uploads\/2024\/09\/Speechless0711160155-1395x1536.jpg 1395w, https:\/\/www.katkas-dance-academy.de\/wp-content\/uploads\/2024\/09\/Speechless0711160155.jpg 1744w\" sizes=\"auto, (max-width: 930px) 100vw, 930px\" \/><\/figure>\n\n\n\n<figure class=\"wp-block-image size-large has-custom-border\"><img loading=\"lazy\" decoding=\"async\" width=\"1024\" height=\"849\" data-id=\"1264\" src=\"https:\/\/cms.katkas-dance-academy.de\/wp-content\/uploads\/2024\/09\/Speechless0711160027-1024x849.jpg\" alt=\"\" class=\"wp-image-1264\" style=\"border-radius:5px\" srcset=\"https:\/\/www.katkas-dance-academy.de\/wp-content\/uploads\/2024\/09\/Speechless0711160027-1024x849.jpg 1024w, https:\/\/www.katkas-dance-academy.de\/wp-content\/uploads\/2024\/09\/Speechless0711160027-300x249.jpg 300w, https:\/\/www.katkas-dance-academy.de\/wp-content\/uploads\/2024\/09\/Speechless0711160027-768x637.jpg 768w, https:\/\/www.katkas-dance-academy.de\/wp-content\/uploads\/2024\/09\/Speechless0711160027-1536x1274.jpg 1536w, https:\/\/www.katkas-dance-academy.de\/wp-content\/uploads\/2024\/09\/Speechless0711160027.jpg 1920w\" sizes=\"auto, (max-width: 1024px) 100vw, 1024px\" \/><\/figure>\n\n\n\n<figure class=\"wp-block-image size-large has-custom-border\"><img loading=\"lazy\" decoding=\"async\" width=\"532\" height=\"1024\" data-id=\"1265\" src=\"https:\/\/cms.katkas-dance-academy.de\/wp-content\/uploads\/2024\/09\/Speechless0711160150-532x1024.jpg\" alt=\"\" class=\"wp-image-1265\" style=\"border-radius:5px\" srcset=\"https:\/\/www.katkas-dance-academy.de\/wp-content\/uploads\/2024\/09\/Speechless0711160150-532x1024.jpg 532w, https:\/\/www.katkas-dance-academy.de\/wp-content\/uploads\/2024\/09\/Speechless0711160150-156x300.jpg 156w, https:\/\/www.katkas-dance-academy.de\/wp-content\/uploads\/2024\/09\/Speechless0711160150-768x1479.jpg 768w, https:\/\/www.katkas-dance-academy.de\/wp-content\/uploads\/2024\/09\/Speechless0711160150-798x1536.jpg 798w, https:\/\/www.katkas-dance-academy.de\/wp-content\/uploads\/2024\/09\/Speechless0711160150.jpg 997w\" sizes=\"auto, (max-width: 532px) 100vw, 532px\" \/><\/figure>\n<\/figure>\n<\/div>\n<\/div>\n\n\n\n<figure class=\"wp-block-image alignright size-full\"><a href=\"#oben\"><img loading=\"lazy\" decoding=\"async\" width=\"48\" height=\"48\" src=\"https:\/\/www.katkas-dance-academy.de\/wp-content\/uploads\/2024\/08\/nach_oben_pfeil_48X48-2.png\" alt=\"Nach oben\" class=\"wp-image-804\" style=\"aspect-ratio:1;object-fit:cover\"\/><\/a><\/figure>\n","protected":false},"excerpt":{"rendered":"<p>Modern Dance \/ Contemporary Was ist Contemporary Dance? Contemporary Dance entstand in den 1950er Jahren und hat sich zu einer derpopul\u00e4rsten Tanzformen der heutigen Zeit entwickelt. Anfangs stark gepr\u00e4gt und angelehnt an klassischem Ballet, Jazz- und Modern sind \u00fcber die Jahre viele weitere Tanzstile- und Formen mit eingeflossen. Contemporary Dance Technik tendiert zu einer Kombinaton [&hellip;]<\/p>\n","protected":false},"author":2,"featured_media":0,"parent":0,"menu_order":0,"comment_status":"closed","ping_status":"closed","template":"","meta":{"footnotes":""},"class_list":["post-1181","page","type-page","status-publish","hentry"],"_links":{"self":[{"href":"https:\/\/www.katkas-dance-academy.de\/startseite\/wp-json\/wp\/v2\/pages\/1181","targetHints":{"allow":["GET"]}}],"collection":[{"href":"https:\/\/www.katkas-dance-academy.de\/startseite\/wp-json\/wp\/v2\/pages"}],"about":[{"href":"https:\/\/www.katkas-dance-academy.de\/startseite\/wp-json\/wp\/v2\/types\/page"}],"author":[{"embeddable":true,"href":"https:\/\/www.katkas-dance-academy.de\/startseite\/wp-json\/wp\/v2\/users\/2"}],"replies":[{"embeddable":true,"href":"https:\/\/www.katkas-dance-academy.de\/startseite\/wp-json\/wp\/v2\/comments?post=1181"}],"version-history":[{"count":15,"href":"https:\/\/www.katkas-dance-academy.de\/startseite\/wp-json\/wp\/v2\/pages\/1181\/revisions"}],"predecessor-version":[{"id":1280,"href":"https:\/\/www.katkas-dance-academy.de\/startseite\/wp-json\/wp\/v2\/pages\/1181\/revisions\/1280"}],"wp:attachment":[{"href":"https:\/\/www.katkas-dance-academy.de\/startseite\/wp-json\/wp\/v2\/media?parent=1181"}],"curies":[{"name":"wp","href":"https:\/\/api.w.org\/{rel}","templated":true}]}}