{"id":1017,"date":"2024-09-04T21:13:22","date_gmt":"2024-09-04T19:13:22","guid":{"rendered":"https:\/\/cms.katkas-dance-academy.de\/startseite\/?page_id=1017"},"modified":"2024-09-18T21:14:24","modified_gmt":"2024-09-18T19:14:24","slug":"privatstunden","status":"publish","type":"page","link":"https:\/\/www.katkas-dance-academy.de\/startseite\/privatstunden\/","title":{"rendered":"Privatstunden"},"content":{"rendered":"\n<div class=\"wp-block-columns is-layout-flex wp-container-core-columns-is-layout-28f84493 wp-block-columns-is-layout-flex\">\n<div class=\"wp-block-column is-layout-flow wp-block-column-is-layout-flow\" style=\"padding-top:var(--wp--preset--spacing--20);padding-right:var(--wp--preset--spacing--20);padding-bottom:var(--wp--preset--spacing--20);padding-left:var(--wp--preset--spacing--20);box-shadow:var(--wp--preset--shadow--deep)\">\n<h2 class=\"wp-block-heading\">Privatstunden<\/h2>\n\n\n\n<p>Ich biete Ihnen Privatstunden f\u00fcr alle Gelegenheiten, z. B. individuelle und genau auf Sie angepasste Choreographie f\u00fcr Ihren Hochzeitstanz, garantiert in max. drei Stunden Trainingszeit erlernbar. <br>Buchen Sie Ihr Angebot f\u00fcr Paare oder Gruppen, beispielsweise<\/p>\n\n\n\n<ul class=\"wp-block-list\">\n<li>Hochzeitsvorbereitung \/ Er\u00f6ffnungstanz<\/li>\n\n\n\n<li>Lateinamerikansiche T\u00e4nze: Cha-cha, Jive, Samba, Rumba, Paso Doble <\/li>\n\n\n\n<li>Standardt\u00e4nze: Wiener Walzer, Englischer Walzer, Tango, Quickstep, Slowfox <\/li>\n\n\n\n<li>Disco Fox<\/li>\n\n\n\n<li>Salsa, Bachata, Merengue<\/li>\n\n\n\n<li>Klassisches Ballett<\/li>\n\n\n\n<li>Individuelle Choreographien jeder Art<\/li>\n<\/ul>\n\n\n\n<figure class=\"wp-block-image size-large has-custom-border\"><img loading=\"lazy\" decoding=\"async\" width=\"842\" height=\"595\" src=\"https:\/\/cms.katkas-dance-academy.de\/wp-content\/uploads\/2024\/09\/Fotos.jpg\" alt=\"\" class=\"wp-image-1328\" style=\"border-radius:5px\" srcset=\"https:\/\/www.katkas-dance-academy.de\/wp-content\/uploads\/2024\/09\/Fotos.jpg 842w, https:\/\/www.katkas-dance-academy.de\/wp-content\/uploads\/2024\/09\/Fotos-300x212.jpg 300w, https:\/\/www.katkas-dance-academy.de\/wp-content\/uploads\/2024\/09\/Fotos-768x543.jpg 768w\" sizes=\"auto, (max-width: 842px) 100vw, 842px\" \/><\/figure>\n\n\n\n<figure class=\"wp-block-gallery has-nested-images columns-default is-cropped wp-block-gallery-1 is-layout-flex wp-block-gallery-is-layout-flex\">\n<figure class=\"wp-block-image size-large has-custom-border\"><img loading=\"lazy\" decoding=\"async\" width=\"1024\" height=\"683\" data-id=\"1327\" src=\"https:\/\/cms.katkas-dance-academy.de\/wp-content\/uploads\/2024\/09\/Buehne-1024x683.jpg\" alt=\"\" class=\"wp-image-1327\" style=\"border-radius:5px\" srcset=\"https:\/\/www.katkas-dance-academy.de\/wp-content\/uploads\/2024\/09\/Buehne-1024x683.jpg 1024w, https:\/\/www.katkas-dance-academy.de\/wp-content\/uploads\/2024\/09\/Buehne-300x200.jpg 300w, https:\/\/www.katkas-dance-academy.de\/wp-content\/uploads\/2024\/09\/Buehne-768x512.jpg 768w, https:\/\/www.katkas-dance-academy.de\/wp-content\/uploads\/2024\/09\/Buehne-1536x1024.jpg 1536w, https:\/\/www.katkas-dance-academy.de\/wp-content\/uploads\/2024\/09\/Buehne-2048x1366.jpg 2048w\" sizes=\"auto, (max-width: 1024px) 100vw, 1024px\" \/><\/figure>\n\n\n\n<figure class=\"wp-block-image size-large has-custom-border\"><img loading=\"lazy\" decoding=\"async\" width=\"1024\" height=\"768\" data-id=\"1326\" src=\"https:\/\/cms.katkas-dance-academy.de\/wp-content\/uploads\/2024\/09\/Ballett-1024x768.jpg\" alt=\"\" class=\"wp-image-1326\" style=\"border-radius:5px\" srcset=\"https:\/\/www.katkas-dance-academy.de\/wp-content\/uploads\/2024\/09\/Ballett-1024x768.jpg 1024w, https:\/\/www.katkas-dance-academy.de\/wp-content\/uploads\/2024\/09\/Ballett-300x225.jpg 300w, https:\/\/www.katkas-dance-academy.de\/wp-content\/uploads\/2024\/09\/Ballett-768x576.jpg 768w, https:\/\/www.katkas-dance-academy.de\/wp-content\/uploads\/2024\/09\/Ballett-1536x1152.jpg 1536w, https:\/\/www.katkas-dance-academy.de\/wp-content\/uploads\/2024\/09\/Ballett-2048x1536.jpg 2048w\" sizes=\"auto, (max-width: 1024px) 100vw, 1024px\" \/><\/figure>\n<\/figure>\n<\/div>\n<\/div>\n\n\n\n<figure class=\"wp-block-image alignright size-full\"><a href=\"#oben\"><img loading=\"lazy\" decoding=\"async\" width=\"48\" height=\"48\" src=\"https:\/\/www.katkas-dance-academy.de\/wp-content\/uploads\/2024\/08\/nach_oben_pfeil_48X48-2.png\" alt=\"Nach oben\" class=\"wp-image-804\" style=\"aspect-ratio:1;object-fit:cover\"\/><\/a><\/figure>\n","protected":false},"excerpt":{"rendered":"<p>Privatstunden Ich biete Ihnen Privatstunden f\u00fcr alle Gelegenheiten, z. B. individuelle und genau auf Sie angepasste Choreographie f\u00fcr Ihren Hochzeitstanz, garantiert in max. drei Stunden Trainingszeit erlernbar. Buchen Sie Ihr Angebot f\u00fcr Paare oder Gruppen, beispielsweise<\/p>\n","protected":false},"author":2,"featured_media":0,"parent":0,"menu_order":0,"comment_status":"closed","ping_status":"closed","template":"","meta":{"footnotes":""},"class_list":["post-1017","page","type-page","status-publish","hentry"],"_links":{"self":[{"href":"https:\/\/www.katkas-dance-academy.de\/startseite\/wp-json\/wp\/v2\/pages\/1017","targetHints":{"allow":["GET"]}}],"collection":[{"href":"https:\/\/www.katkas-dance-academy.de\/startseite\/wp-json\/wp\/v2\/pages"}],"about":[{"href":"https:\/\/www.katkas-dance-academy.de\/startseite\/wp-json\/wp\/v2\/types\/page"}],"author":[{"embeddable":true,"href":"https:\/\/www.katkas-dance-academy.de\/startseite\/wp-json\/wp\/v2\/users\/2"}],"replies":[{"embeddable":true,"href":"https:\/\/www.katkas-dance-academy.de\/startseite\/wp-json\/wp\/v2\/comments?post=1017"}],"version-history":[{"count":10,"href":"https:\/\/www.katkas-dance-academy.de\/startseite\/wp-json\/wp\/v2\/pages\/1017\/revisions"}],"predecessor-version":[{"id":1492,"href":"https:\/\/www.katkas-dance-academy.de\/startseite\/wp-json\/wp\/v2\/pages\/1017\/revisions\/1492"}],"wp:attachment":[{"href":"https:\/\/www.katkas-dance-academy.de\/startseite\/wp-json\/wp\/v2\/media?parent=1017"}],"curies":[{"name":"wp","href":"https:\/\/api.w.org\/{rel}","templated":true}]}}